{"id":158,"date":"2025-08-29T14:08:48","date_gmt":"2025-08-29T14:08:48","guid":{"rendered":"https:\/\/dentsunrise.com\/?page_id=158"},"modified":"2025-10-06T11:55:31","modified_gmt":"2025-10-06T11:55:31","slug":"tedaviler","status":"publish","type":"page","link":"https:\/\/dentsunrise.com\/en\/tedaviler\/","title":{"rendered":"Treatments"},"content":{"rendered":"<div data-elementor-type=\"wp-page\" data-elementor-id=\"158\" class=\"elementor elementor-158\" data-elementor-post-type=\"page\">\n\t\t\t\t<div class=\"elementor-element elementor-element-18fe5419 e-con-full e-flex e-con e-parent\" data-id=\"18fe5419\" data-element_type=\"container\">\n\t\t<div class=\"elementor-element elementor-element-62abb6bf e-con-full e-flex e-con e-child\" data-id=\"62abb6bf\" data-element_type=\"container\" data-settings=\"{&quot;background_background&quot;:&quot;classic&quot;}\">\n\t\t<div class=\"elementor-element elementor-element-2af8eac1 e-con-full e-flex e-con e-child\" data-id=\"2af8eac1\" data-element_type=\"container\">\n\t\t\t\t<div class=\"elementor-element elementor-element-5130b01 elementor-widget-tablet__width-inherit elementor-widget__width-initial elementor-widget elementor-widget-elementskit-heading\" data-id=\"5130b01\" data-element_type=\"widget\" data-widget_type=\"elementskit-heading.default\">\n\t\t\t\t\t<div class=\"ekit-wid-con\" ><div class=\"ekit-heading elementskit-section-title-wraper text_center   ekit_heading_tablet-   ekit_heading_mobile-text_center\"><h1 class=\"ekit-heading--title elementskit-section-title\">OUR TREATMENTS<\/h1><\/div><\/div>\t\t\t\t<\/div>\n\t\t\t\t<div class=\"elementor-element elementor-element-ed9c637 elementor-widget__width-auto elementor-mobile-align-center elementor-icon-list--layout-inline elementor-list-item-link-full_width elementor-widget elementor-widget-icon-list\" data-id=\"ed9c637\" data-element_type=\"widget\" data-widget_type=\"icon-list.default\">\n\t\t\t\t\t\t\t<ul class=\"elementor-icon-list-items elementor-inline-items\">\n\t\t\t\t\t\t\t<li class=\"elementor-icon-list-item elementor-inline-item\">\n\t\t\t\t\t\t\t\t\t\t\t<a href=\"https:\/\/dentsunrise.com\/en\/\">\n\n\t\t\t\t\t\t\t\t\t\t\t<span class=\"elementor-icon-list-text\">Home<\/span>\n\t\t\t\t\t\t\t\t\t\t\t<\/a>\n\t\t\t\t\t\t\t\t\t<\/li>\n\t\t\t\t\t\t\t\t<li class=\"elementor-icon-list-item elementor-inline-item\">\n\t\t\t\t\t\t\t\t\t\t<span class=\"elementor-icon-list-text\">\/<\/span>\n\t\t\t\t\t\t\t\t\t<\/li>\n\t\t\t\t\t\t\t\t<li class=\"elementor-icon-list-item elementor-inline-item\">\n\t\t\t\t\t\t\t\t\t\t<span class=\"elementor-icon-list-text\">Treatments<\/span>\n\t\t\t\t\t\t\t\t\t<\/li>\n\t\t\t\t\t\t<\/ul>\n\t\t\t\t\t\t<\/div>\n\t\t\t\t<\/div>\n\t\t\t\t<\/div>\n\t\t\t\t<\/div>\n\t\t<div class=\"elementor-element elementor-element-193b0d78 e-flex e-con-boxed e-con e-parent\" data-id=\"193b0d78\" data-element_type=\"container\">\n\t\t\t\t\t<div class=\"e-con-inner\">\n\t\t<div class=\"elementor-element elementor-element-8a71da0 e-con-full e-flex e-con e-child\" data-id=\"8a71da0\" data-element_type=\"container\">\n\t\t<div class=\"elementor-element elementor-element-77673890 e-con-full e-flex e-con e-child\" data-id=\"77673890\" data-element_type=\"container\">\n\t\t\t\t<div class=\"elementor-element elementor-element-513c70ba elementor-widget__width-initial elementor-widget-tablet__width-inherit elementor-invisible elementor-widget elementor-widget-elementskit-heading\" data-id=\"513c70ba\" data-element_type=\"widget\" data-settings=\"{&quot;_animation&quot;:&quot;fadeInLeft&quot;}\" data-widget_type=\"elementskit-heading.default\">\n\t\t\t\t\t<div class=\"ekit-wid-con\" ><div class=\"ekit-heading elementskit-section-title-wraper text_center   ekit_heading_tablet-   ekit_heading_mobile-text_center\"><h6 class=\"elementskit-section-subtitle\">\n\t\t\t\t\t\tReliable Solutions for Oral and Dental Health\n\t\t\t\t\t<\/h6><h3 class=\"ekit-heading--title elementskit-section-title\">Special Service for Perfect Smiles<\/h3><\/div><\/div>\t\t\t\t<\/div>\n\t\t\t\t<\/div>\n\t\t\t\t<\/div>\n\t\t<div class=\"elementor-element elementor-element-7e08fdab e-con-full e-flex e-con e-child\" data-id=\"7e08fdab\" data-element_type=\"container\">\n\t\t\t\t<div class=\"elementor-element elementor-element-bbeb253 elementor-flip-box--effect-fade elementor-widget__width-initial elementor-widget elementor-widget-flip-box\" data-id=\"bbeb253\" data-element_type=\"widget\" data-widget_type=\"flip-box.default\">\n\t\t\t\t\t\t\t<div class=\"elementor-flip-box\" tabindex=\"0\">\n\t\t\t<div class=\"elementor-flip-box__layer elementor-flip-box__front\">\n\t\t\t\t<div class=\"elementor-flip-box__layer__overlay\">\n\t\t\t\t\t<div class=\"elementor-flip-box__layer__inner\">\n\t\t\t\t\t\t\t\t\t\t\t\t\t<div class=\"elementor-icon-wrapper elementor-view-default\">\n\t\t\t\t\t\t\t\t<div class=\"elementor-icon\">\n\t\t\t\t\t\t\t\t\t\t\t\t\t\t\t\t\t<\/div>\n\t\t\t\t\t\t\t<\/div>\n\t\t\t\t\t\t\n\t\t\t\t\t\t\t\t\t\t\t\t\t<h5 class=\"elementor-flip-box__layer__title\">\n\t\t\t\t\t\t\t\tDental Implants\t\t\t\t\t\t\t<\/h5>\n\t\t\t\t\t\t\n\t\t\t\t\t\t\t\t\t\t\t\t\t<div class=\"elementor-flip-box__layer__description\">\n\t\t\t\t\t\t\t\tPermanent and Natural Solutions\t\t\t\t\t\t\t<\/div>\n\t\t\t\t\t\t\t\t\t\t\t<\/div>\n\t\t\t\t<\/div>\n\t\t\t<\/div>\n\t\t\t<div class=\"elementor-flip-box__layer elementor-flip-box__back\">\n\t\t\t<div class=\"elementor-flip-box__layer__overlay\">\n\t\t\t\t<div class=\"elementor-flip-box__layer__inner\">\n\t\t\t\t\t\n\t\t\t\t\t\n\t\t\t\t\t\t\t\t\t\t\t<a class=\"elementor-flip-box__button elementor-button elementor-size-xs\" href=\"https:\/\/dentsunrise.com\/en\/tedaviler\/dental-implant\/\">\n\t\t\t\t\t\t\tExamine in Detail\t\t\t\t\t\t<\/a>\n\t\t\t\t\t\t\t\t<\/div>\n\t\t<\/div>\n\t\t<\/div>\n\t\t<\/div>\n\t\t\t\t\t\t<\/div>\n\t\t\t\t<div class=\"elementor-element elementor-element-ab83a93 elementor-flip-box--effect-fade elementor-widget__width-initial elementor-widget elementor-widget-flip-box\" data-id=\"ab83a93\" data-element_type=\"widget\" data-widget_type=\"flip-box.default\">\n\t\t\t\t\t\t\t<div class=\"elementor-flip-box\" tabindex=\"0\">\n\t\t\t<div class=\"elementor-flip-box__layer elementor-flip-box__front\">\n\t\t\t\t<div class=\"elementor-flip-box__layer__overlay\">\n\t\t\t\t\t<div class=\"elementor-flip-box__layer__inner\">\n\t\t\t\t\t\t\t\t\t\t\t\t\t<div class=\"elementor-icon-wrapper elementor-view-default\">\n\t\t\t\t\t\t\t\t<div class=\"elementor-icon\">\n\t\t\t\t\t\t\t\t\t\t\t\t\t\t\t\t\t<\/div>\n\t\t\t\t\t\t\t<\/div>\n\t\t\t\t\t\t\n\t\t\t\t\t\t\t\t\t\t\t\t\t<h5 class=\"elementor-flip-box__layer__title\">\n\t\t\t\t\t\t\t\tZirconium\t\t\t\t\t\t\t<\/h5>\n\t\t\t\t\t\t\n\t\t\t\t\t\t\t\t\t\t\t\t\t<div class=\"elementor-flip-box__layer__description\">\n\t\t\t\t\t\t\t\tAesthetics and Durability\t\t\t\t\t\t\t<\/div>\n\t\t\t\t\t\t\t\t\t\t\t<\/div>\n\t\t\t\t<\/div>\n\t\t\t<\/div>\n\t\t\t<div class=\"elementor-flip-box__layer elementor-flip-box__back\">\n\t\t\t<div class=\"elementor-flip-box__layer__overlay\">\n\t\t\t\t<div class=\"elementor-flip-box__layer__inner\">\n\t\t\t\t\t\n\t\t\t\t\t\n\t\t\t\t\t\t\t\t\t\t\t<a class=\"elementor-flip-box__button elementor-button elementor-size-xs\" href=\"https:\/\/dentsunrise.com\/en\/tedaviler\/zirkonyum\/\">\n\t\t\t\t\t\t\tExamine in Detail\t\t\t\t\t\t<\/a>\n\t\t\t\t\t\t\t\t<\/div>\n\t\t<\/div>\n\t\t<\/div>\n\t\t<\/div>\n\t\t\t\t\t\t<\/div>\n\t\t\t\t<div class=\"elementor-element elementor-element-cee4fb4 elementor-flip-box--effect-fade elementor-widget__width-initial elementor-widget elementor-widget-flip-box\" data-id=\"cee4fb4\" data-element_type=\"widget\" data-widget_type=\"flip-box.default\">\n\t\t\t\t\t\t\t<div class=\"elementor-flip-box\" tabindex=\"0\">\n\t\t\t<div class=\"elementor-flip-box__layer elementor-flip-box__front\">\n\t\t\t\t<div class=\"elementor-flip-box__layer__overlay\">\n\t\t\t\t\t<div class=\"elementor-flip-box__layer__inner\">\n\t\t\t\t\t\t\t\t\t\t\t\t\t<div class=\"elementor-icon-wrapper elementor-view-default\">\n\t\t\t\t\t\t\t\t<div class=\"elementor-icon\">\n\t\t\t\t\t\t\t\t\t\t\t\t\t\t\t\t\t<\/div>\n\t\t\t\t\t\t\t<\/div>\n\t\t\t\t\t\t\n\t\t\t\t\t\t\t\t\t\t\t\t\t<h5 class=\"elementor-flip-box__layer__title\">\n\t\t\t\t\t\t\t\tEndodontics\t\t\t\t\t\t\t<\/h5>\n\t\t\t\t\t\t\n\t\t\t\t\t\t\t\t\t\t\t\t\t<div class=\"elementor-flip-box__layer__description\">\n\t\t\t\t\t\t\t\tExpertise in Preserving Teeth\t\t\t\t\t\t\t<\/div>\n\t\t\t\t\t\t\t\t\t\t\t<\/div>\n\t\t\t\t<\/div>\n\t\t\t<\/div>\n\t\t\t<div class=\"elementor-flip-box__layer elementor-flip-box__back\">\n\t\t\t<div class=\"elementor-flip-box__layer__overlay\">\n\t\t\t\t<div class=\"elementor-flip-box__layer__inner\">\n\t\t\t\t\t\n\t\t\t\t\t\n\t\t\t\t\t\t\t\t\t\t\t<a class=\"elementor-flip-box__button elementor-button elementor-size-xs\" href=\"https:\/\/dentsunrise.com\/en\/tedaviler\/endodonti\/\">\n\t\t\t\t\t\t\tExamine in Detail\t\t\t\t\t\t<\/a>\n\t\t\t\t\t\t\t\t<\/div>\n\t\t<\/div>\n\t\t<\/div>\n\t\t<\/div>\n\t\t\t\t\t\t<\/div>\n\t\t\t\t<div class=\"elementor-element elementor-element-33bb0e1 elementor-flip-box--effect-fade elementor-widget__width-initial elementor-widget elementor-widget-flip-box\" data-id=\"33bb0e1\" data-element_type=\"widget\" data-widget_type=\"flip-box.default\">\n\t\t\t\t\t\t\t<div class=\"elementor-flip-box\" tabindex=\"0\">\n\t\t\t<div class=\"elementor-flip-box__layer elementor-flip-box__front\">\n\t\t\t\t<div class=\"elementor-flip-box__layer__overlay\">\n\t\t\t\t\t<div class=\"elementor-flip-box__layer__inner\">\n\t\t\t\t\t\t\t\t\t\t\t\t\t<div class=\"elementor-icon-wrapper elementor-view-default\">\n\t\t\t\t\t\t\t\t<div class=\"elementor-icon\">\n\t\t\t\t\t\t\t\t\t\t\t\t\t\t\t\t\t<\/div>\n\t\t\t\t\t\t\t<\/div>\n\t\t\t\t\t\t\n\t\t\t\t\t\t\t\t\t\t\t\t\t<h5 class=\"elementor-flip-box__layer__title\">\n\t\t\t\t\t\t\t\tOrthodontics\t\t\t\t\t\t\t<\/h5>\n\t\t\t\t\t\t\n\t\t\t\t\t\t\t\t\t\t\t\t\t<div class=\"elementor-flip-box__layer__description\">\n\t\t\t\t\t\t\t\tStraight and Healthy Teeth\t\t\t\t\t\t\t<\/div>\n\t\t\t\t\t\t\t\t\t\t\t<\/div>\n\t\t\t\t<\/div>\n\t\t\t<\/div>\n\t\t\t<div class=\"elementor-flip-box__layer elementor-flip-box__back\">\n\t\t\t<div class=\"elementor-flip-box__layer__overlay\">\n\t\t\t\t<div class=\"elementor-flip-box__layer__inner\">\n\t\t\t\t\t\n\t\t\t\t\t\n\t\t\t\t\t\t\t\t\t\t\t<a class=\"elementor-flip-box__button elementor-button elementor-size-xs\" href=\"https:\/\/dentsunrise.com\/en\/tedaviler\/ortodonti\/\">\n\t\t\t\t\t\t\tExamine in Detail\t\t\t\t\t\t<\/a>\n\t\t\t\t\t\t\t\t<\/div>\n\t\t<\/div>\n\t\t<\/div>\n\t\t<\/div>\n\t\t\t\t\t\t<\/div>\n\t\t\t\t<div class=\"elementor-element elementor-element-23cac21 elementor-flip-box--effect-fade elementor-widget__width-initial elementor-widget elementor-widget-flip-box\" data-id=\"23cac21\" data-element_type=\"widget\" data-widget_type=\"flip-box.default\">\n\t\t\t\t\t\t\t<div class=\"elementor-flip-box\" tabindex=\"0\">\n\t\t\t<div class=\"elementor-flip-box__layer elementor-flip-box__front\">\n\t\t\t\t<div class=\"elementor-flip-box__layer__overlay\">\n\t\t\t\t\t<div class=\"elementor-flip-box__layer__inner\">\n\t\t\t\t\t\t\t\t\t\t\t\t\t<div class=\"elementor-icon-wrapper elementor-view-default\">\n\t\t\t\t\t\t\t\t<div class=\"elementor-icon\">\n\t\t\t\t\t\t\t\t\t\t\t\t\t\t\t\t\t<\/div>\n\t\t\t\t\t\t\t<\/div>\n\t\t\t\t\t\t\n\t\t\t\t\t\t\t\t\t\t\t\t\t<h5 class=\"elementor-flip-box__layer__title\">\n\t\t\t\t\t\t\t\tOral and Maxillofacial Surgery\t\t\t\t\t\t\t<\/h5>\n\t\t\t\t\t\t\n\t\t\t\t\t\t\t\t\t\t\t\t\t<div class=\"elementor-flip-box__layer__description\">\n\t\t\t\t\t\t\t\tSafe Surgical Interventions\t\t\t\t\t\t\t<\/div>\n\t\t\t\t\t\t\t\t\t\t\t<\/div>\n\t\t\t\t<\/div>\n\t\t\t<\/div>\n\t\t\t<div class=\"elementor-flip-box__layer elementor-flip-box__back\">\n\t\t\t<div class=\"elementor-flip-box__layer__overlay\">\n\t\t\t\t<div class=\"elementor-flip-box__layer__inner\">\n\t\t\t\t\t\n\t\t\t\t\t\n\t\t\t\t\t\t\t\t\t\t\t<a class=\"elementor-flip-box__button elementor-button elementor-size-xs\" href=\"https:\/\/dentsunrise.com\/en\/tedaviler\/agizdis-ve-cene-cerrahisi\/\">\n\t\t\t\t\t\t\tExamine in Detail\t\t\t\t\t\t<\/a>\n\t\t\t\t\t\t\t\t<\/div>\n\t\t<\/div>\n\t\t<\/div>\n\t\t<\/div>\n\t\t\t\t\t\t<\/div>\n\t\t\t\t<div class=\"elementor-element elementor-element-0a73c97 elementor-flip-box--effect-fade elementor-widget__width-initial elementor-widget elementor-widget-flip-box\" data-id=\"0a73c97\" data-element_type=\"widget\" data-widget_type=\"flip-box.default\">\n\t\t\t\t\t\t\t<div class=\"elementor-flip-box\" tabindex=\"0\">\n\t\t\t<div class=\"elementor-flip-box__layer elementor-flip-box__front\">\n\t\t\t\t<div class=\"elementor-flip-box__layer__overlay\">\n\t\t\t\t\t<div class=\"elementor-flip-box__layer__inner\">\n\t\t\t\t\t\t\t\t\t\t\t\t\t<div class=\"elementor-icon-wrapper elementor-view-default\">\n\t\t\t\t\t\t\t\t<div class=\"elementor-icon\">\n\t\t\t\t\t\t\t\t\t\t\t\t\t\t\t\t\t<\/div>\n\t\t\t\t\t\t\t<\/div>\n\t\t\t\t\t\t\n\t\t\t\t\t\t\t\t\t\t\t\t\t<h5 class=\"elementor-flip-box__layer__title\">\n\t\t\t\t\t\t\t\tPediatrics\t\t\t\t\t\t\t<\/h5>\n\t\t\t\t\t\t\n\t\t\t\t\t\t\t\t\t\t\t\t\t<div class=\"elementor-flip-box__layer__description\">\n\t\t\t\t\t\t\t\tSpecial Approach to Children\t\t\t\t\t\t\t<\/div>\n\t\t\t\t\t\t\t\t\t\t\t<\/div>\n\t\t\t\t<\/div>\n\t\t\t<\/div>\n\t\t\t<div class=\"elementor-flip-box__layer elementor-flip-box__back\">\n\t\t\t<div class=\"elementor-flip-box__layer__overlay\">\n\t\t\t\t<div class=\"elementor-flip-box__layer__inner\">\n\t\t\t\t\t\n\t\t\t\t\t\n\t\t\t\t\t\t\t\t\t\t\t<a class=\"elementor-flip-box__button elementor-button elementor-size-xs\" href=\"https:\/\/dentsunrise.com\/en\/tedaviler\/pediatri\/\">\n\t\t\t\t\t\t\tExamine in Detail\t\t\t\t\t\t<\/a>\n\t\t\t\t\t\t\t\t<\/div>\n\t\t<\/div>\n\t\t<\/div>\n\t\t<\/div>\n\t\t\t\t\t\t<\/div>\n\t\t\t\t<div class=\"elementor-element elementor-element-8690b44 elementor-flip-box--effect-fade elementor-widget__width-initial elementor-widget elementor-widget-flip-box\" data-id=\"8690b44\" data-element_type=\"widget\" data-widget_type=\"flip-box.default\">\n\t\t\t\t\t\t\t<div class=\"elementor-flip-box\" tabindex=\"0\">\n\t\t\t<div class=\"elementor-flip-box__layer elementor-flip-box__front\">\n\t\t\t\t<div class=\"elementor-flip-box__layer__overlay\">\n\t\t\t\t\t<div class=\"elementor-flip-box__layer__inner\">\n\t\t\t\t\t\t\t\t\t\t\t\t\t<div class=\"elementor-icon-wrapper elementor-view-default\">\n\t\t\t\t\t\t\t\t<div class=\"elementor-icon\">\n\t\t\t\t\t\t\t\t\t\t\t\t\t\t\t\t\t<\/div>\n\t\t\t\t\t\t\t<\/div>\n\t\t\t\t\t\t\n\t\t\t\t\t\t\t\t\t\t\t\t\t<h5 class=\"elementor-flip-box__layer__title\">\n\t\t\t\t\t\t\t\tAesthetic Dentistry\t\t\t\t\t\t\t<\/h5>\n\t\t\t\t\t\t\n\t\t\t\t\t\t\t\t\t\t\t\t\t<div class=\"elementor-flip-box__layer__description\">\n\t\t\t\t\t\t\t\tSparkling Smile Design\t\t\t\t\t\t\t<\/div>\n\t\t\t\t\t\t\t\t\t\t\t<\/div>\n\t\t\t\t<\/div>\n\t\t\t<\/div>\n\t\t\t<div class=\"elementor-flip-box__layer elementor-flip-box__back\">\n\t\t\t<div class=\"elementor-flip-box__layer__overlay\">\n\t\t\t\t<div class=\"elementor-flip-box__layer__inner\">\n\t\t\t\t\t\n\t\t\t\t\t\n\t\t\t\t\t\t\t\t\t\t\t<a class=\"elementor-flip-box__button elementor-button elementor-size-xs\" href=\"https:\/\/dentsunrise.com\/en\/tedaviler\/estetik-dis-hekimligi\/\">\n\t\t\t\t\t\t\tExamine in Detail\t\t\t\t\t\t<\/a>\n\t\t\t\t\t\t\t\t<\/div>\n\t\t<\/div>\n\t\t<\/div>\n\t\t<\/div>\n\t\t\t\t\t\t<\/div>\n\t\t\t\t<div class=\"elementor-element elementor-element-f642de3 elementor-flip-box--effect-fade elementor-widget__width-initial elementor-widget elementor-widget-flip-box\" data-id=\"f642de3\" data-element_type=\"widget\" data-widget_type=\"flip-box.default\">\n\t\t\t\t\t\t\t<div class=\"elementor-flip-box\" tabindex=\"0\">\n\t\t\t<div class=\"elementor-flip-box__layer elementor-flip-box__front\">\n\t\t\t\t<div class=\"elementor-flip-box__layer__overlay\">\n\t\t\t\t\t<div class=\"elementor-flip-box__layer__inner\">\n\t\t\t\t\t\t\t\t\t\t\t\t\t<div class=\"elementor-icon-wrapper elementor-view-default\">\n\t\t\t\t\t\t\t\t<div class=\"elementor-icon\">\n\t\t\t\t\t\t\t\t\t\t\t\t\t\t\t\t\t<\/div>\n\t\t\t\t\t\t\t<\/div>\n\t\t\t\t\t\t\n\t\t\t\t\t\t\t\t\t\t\t\t\t<h5 class=\"elementor-flip-box__layer__title\">\n\t\t\t\t\t\t\t\tPeriodontics\t\t\t\t\t\t\t<\/h5>\n\t\t\t\t\t\t\n\t\t\t\t\t\t\t\t\t\t\t\t\t<div class=\"elementor-flip-box__layer__description\">\n\t\t\t\t\t\t\t\tHealthy Gums\t\t\t\t\t\t\t<\/div>\n\t\t\t\t\t\t\t\t\t\t\t<\/div>\n\t\t\t\t<\/div>\n\t\t\t<\/div>\n\t\t\t<div class=\"elementor-flip-box__layer elementor-flip-box__back\">\n\t\t\t<div class=\"elementor-flip-box__layer__overlay\">\n\t\t\t\t<div class=\"elementor-flip-box__layer__inner\">\n\t\t\t\t\t\n\t\t\t\t\t\n\t\t\t\t\t\t\t\t\t\t\t<a class=\"elementor-flip-box__button elementor-button elementor-size-xs\" href=\"https:\/\/dentsunrise.com\/en\/tedaviler\/periodontoloji\/\">\n\t\t\t\t\t\t\tExamine in Detail\t\t\t\t\t\t<\/a>\n\t\t\t\t\t\t\t\t<\/div>\n\t\t<\/div>\n\t\t<\/div>\n\t\t<\/div>\n\t\t\t\t\t\t<\/div>\n\t\t\t\t<\/div>\n\t\t\t\t\t<\/div>\n\t\t\t\t<\/div>\n\t\t\t\t<\/div>","protected":false},"excerpt":{"rendered":"<p>TEDAV\u0130LER\u0130M\u0130Z Anasayfa \/ Tedaviler A\u011f\u0131z ve Di\u015f Sa\u011fl\u0131\u011f\u0131nda G\u00fcvenilir \u00c7\u00f6z\u00fcmler Kusursuz G\u00fcl\u00fc\u015fler \u0130\u00e7in \u00d6zel Hizmet Dental \u0130mplant Kal\u0131c\u0131 ve Do\u011fal \u00c7\u00f6z\u00fcmler Detayl\u0131 \u0130ncele Zirkonyum Estetik ve Dayan\u0131kl\u0131l\u0131k Detayl\u0131 \u0130ncele Endodonti Di\u015fi Korumada Uzmanl\u0131k Detayl\u0131 \u0130ncele Ortodonti D\u00fczg\u00fcn ve Sa\u011fl\u0131kl\u0131 Di\u015fler Detayl\u0131 \u0130ncele A\u011f\u0131z,Di\u015f ve \u00c7ene Cerrahisi G\u00fcvenli Cerrahi M\u00fcdahaleler Detayl\u0131 \u0130ncele Pediatri \u00c7ocuklara \u00d6zel Yakla\u015f\u0131m [&hellip;]<\/p>","protected":false},"author":1,"featured_media":0,"parent":0,"menu_order":0,"comment_status":"closed","ping_status":"closed","template":"elementor_header_footer","meta":{"footnotes":""},"class_list":["post-158","page","type-page","status-publish","hentry"],"yoast_head":"<!-- This site is optimized with the Yoast SEO plugin v26.0 - https:\/\/yoast.com\/wordpress\/plugins\/seo\/ -->\n<title>Tedaviler - Sunrise Dental Clinic<\/title>\n<meta name=\"robots\" content=\"index, follow, max-snippet:-1, max-image-preview:large, max-video-preview:-1\" \/>\n<link rel=\"canonical\" href=\"https:\/\/dentsunrise.com\/en\/tedaviler\/\" \/>\n<meta property=\"og:locale\" content=\"en_US\" \/>\n<meta property=\"og:type\" content=\"article\" \/>\n<meta property=\"og:title\" content=\"Tedaviler - Sunrise Dental Clinic\" \/>\n<meta property=\"og:description\" content=\"TEDAV\u0130LER\u0130M\u0130Z Anasayfa \/ Tedaviler A\u011f\u0131z ve Di\u015f Sa\u011fl\u0131\u011f\u0131nda G\u00fcvenilir \u00c7\u00f6z\u00fcmler Kusursuz G\u00fcl\u00fc\u015fler \u0130\u00e7in \u00d6zel Hizmet Dental \u0130mplant Kal\u0131c\u0131 ve Do\u011fal \u00c7\u00f6z\u00fcmler Detayl\u0131 \u0130ncele Zirkonyum Estetik ve Dayan\u0131kl\u0131l\u0131k Detayl\u0131 \u0130ncele Endodonti Di\u015fi Korumada Uzmanl\u0131k Detayl\u0131 \u0130ncele Ortodonti D\u00fczg\u00fcn ve Sa\u011fl\u0131kl\u0131 Di\u015fler Detayl\u0131 \u0130ncele A\u011f\u0131z,Di\u015f ve \u00c7ene Cerrahisi G\u00fcvenli Cerrahi M\u00fcdahaleler Detayl\u0131 \u0130ncele Pediatri \u00c7ocuklara \u00d6zel Yakla\u015f\u0131m [&hellip;]\" \/>\n<meta property=\"og:url\" content=\"https:\/\/dentsunrise.com\/en\/tedaviler\/\" \/>\n<meta property=\"og:site_name\" content=\"Sunrise Dental Clinic\" \/>\n<meta property=\"article:publisher\" content=\"https:\/\/www.facebook.com\/dentsunrise\" \/>\n<meta property=\"article:modified_time\" content=\"2025-10-06T11:55:31+00:00\" \/>\n<meta property=\"og:image\" content=\"https:\/\/dentsunrise.com\/wp-content\/uploads\/2025\/10\/site-gorseli.png\" \/>\n\t<meta property=\"og:image:width\" content=\"1912\" \/>\n\t<meta property=\"og:image:height\" content=\"895\" \/>\n\t<meta property=\"og:image:type\" content=\"image\/png\" \/>\n<meta name=\"twitter:card\" content=\"summary_large_image\" \/>\n<meta name=\"twitter:label1\" content=\"Est. reading time\" \/>\n\t<meta name=\"twitter:data1\" content=\"1 minute\" \/>\n<script type=\"application\/ld+json\" class=\"yoast-schema-graph\">{\"@context\":\"https:\/\/schema.org\",\"@graph\":[{\"@type\":\"WebPage\",\"@id\":\"https:\/\/dentsunrise.com\/tedaviler\/\",\"url\":\"https:\/\/dentsunrise.com\/tedaviler\/\",\"name\":\"Tedaviler - Sunrise Dental Clinic\",\"isPartOf\":{\"@id\":\"https:\/\/dentsunrise.com\/#website\"},\"datePublished\":\"2025-08-29T14:08:48+00:00\",\"dateModified\":\"2025-10-06T11:55:31+00:00\",\"breadcrumb\":{\"@id\":\"https:\/\/dentsunrise.com\/tedaviler\/#breadcrumb\"},\"inLanguage\":\"en-US\",\"potentialAction\":[{\"@type\":\"ReadAction\",\"target\":[\"https:\/\/dentsunrise.com\/tedaviler\/\"]}]},{\"@type\":\"BreadcrumbList\",\"@id\":\"https:\/\/dentsunrise.com\/tedaviler\/#breadcrumb\",\"itemListElement\":[{\"@type\":\"ListItem\",\"position\":1,\"name\":\"Anasayfa\",\"item\":\"https:\/\/dentsunrise.com\/\"},{\"@type\":\"ListItem\",\"position\":2,\"name\":\"Tedaviler\"}]},{\"@type\":\"WebSite\",\"@id\":\"https:\/\/dentsunrise.com\/#website\",\"url\":\"https:\/\/dentsunrise.com\/\",\"name\":\"Sunrise Dental Clinic\",\"description\":\"Her G\u00fcl\u00fc\u015f Sa\u011fl\u0131kla Ba\u015flar\",\"publisher\":{\"@id\":\"https:\/\/dentsunrise.com\/#organization\"},\"potentialAction\":[{\"@type\":\"SearchAction\",\"target\":{\"@type\":\"EntryPoint\",\"urlTemplate\":\"https:\/\/dentsunrise.com\/?s={search_term_string}\"},\"query-input\":{\"@type\":\"PropertyValueSpecification\",\"valueRequired\":true,\"valueName\":\"search_term_string\"}}],\"inLanguage\":\"en-US\"},{\"@type\":\"Organization\",\"@id\":\"https:\/\/dentsunrise.com\/#organization\",\"name\":\"Sunrise Dental Clinic\",\"url\":\"https:\/\/dentsunrise.com\/\",\"logo\":{\"@type\":\"ImageObject\",\"inLanguage\":\"en-US\",\"@id\":\"https:\/\/dentsunrise.com\/#\/schema\/logo\/image\/\",\"url\":\"https:\/\/dentsunrise.com\/wp-content\/uploads\/2025\/08\/logo.svg\",\"contentUrl\":\"https:\/\/dentsunrise.com\/wp-content\/uploads\/2025\/08\/logo.svg\",\"width\":213,\"height\":46,\"caption\":\"Sunrise Dental Clinic\"},\"image\":{\"@id\":\"https:\/\/dentsunrise.com\/#\/schema\/logo\/image\/\"},\"sameAs\":[\"https:\/\/www.facebook.com\/dentsunrise\",\"https:\/\/www.instagram.com\/dentsunrise\/\",\"https:\/\/www.youtube.com\/@dentsunrise\"]}]}<\/script>\n<!-- \/ Yoast SEO plugin. -->","yoast_head_json":{"title":"Tedaviler - Sunrise Dental Clinic","robots":{"index":"index","follow":"follow","max-snippet":"max-snippet:-1","max-image-preview":"max-image-preview:large","max-video-preview":"max-video-preview:-1"},"canonical":"https:\/\/dentsunrise.com\/en\/tedaviler\/","og_locale":"en_US","og_type":"article","og_title":"Tedaviler - Sunrise Dental Clinic","og_description":"TEDAV\u0130LER\u0130M\u0130Z Anasayfa \/ Tedaviler A\u011f\u0131z ve Di\u015f Sa\u011fl\u0131\u011f\u0131nda G\u00fcvenilir \u00c7\u00f6z\u00fcmler Kusursuz G\u00fcl\u00fc\u015fler \u0130\u00e7in \u00d6zel Hizmet Dental \u0130mplant Kal\u0131c\u0131 ve Do\u011fal \u00c7\u00f6z\u00fcmler Detayl\u0131 \u0130ncele Zirkonyum Estetik ve Dayan\u0131kl\u0131l\u0131k Detayl\u0131 \u0130ncele Endodonti Di\u015fi Korumada Uzmanl\u0131k Detayl\u0131 \u0130ncele Ortodonti D\u00fczg\u00fcn ve Sa\u011fl\u0131kl\u0131 Di\u015fler Detayl\u0131 \u0130ncele A\u011f\u0131z,Di\u015f ve \u00c7ene Cerrahisi G\u00fcvenli Cerrahi M\u00fcdahaleler Detayl\u0131 \u0130ncele Pediatri \u00c7ocuklara \u00d6zel Yakla\u015f\u0131m [&hellip;]","og_url":"https:\/\/dentsunrise.com\/en\/tedaviler\/","og_site_name":"Sunrise Dental Clinic","article_publisher":"https:\/\/www.facebook.com\/dentsunrise","article_modified_time":"2025-10-06T11:55:31+00:00","og_image":[{"width":1912,"height":895,"url":"https:\/\/dentsunrise.com\/wp-content\/uploads\/2025\/10\/site-gorseli.png","type":"image\/png"}],"twitter_card":"summary_large_image","twitter_misc":{"Est. reading time":"1 minute"},"schema":{"@context":"https:\/\/schema.org","@graph":[{"@type":"WebPage","@id":"https:\/\/dentsunrise.com\/tedaviler\/","url":"https:\/\/dentsunrise.com\/tedaviler\/","name":"Tedaviler - Sunrise Dental Clinic","isPartOf":{"@id":"https:\/\/dentsunrise.com\/#website"},"datePublished":"2025-08-29T14:08:48+00:00","dateModified":"2025-10-06T11:55:31+00:00","breadcrumb":{"@id":"https:\/\/dentsunrise.com\/tedaviler\/#breadcrumb"},"inLanguage":"en-US","potentialAction":[{"@type":"ReadAction","target":["https:\/\/dentsunrise.com\/tedaviler\/"]}]},{"@type":"BreadcrumbList","@id":"https:\/\/dentsunrise.com\/tedaviler\/#breadcrumb","itemListElement":[{"@type":"ListItem","position":1,"name":"Anasayfa","item":"https:\/\/dentsunrise.com\/"},{"@type":"ListItem","position":2,"name":"Tedaviler"}]},{"@type":"WebSite","@id":"https:\/\/dentsunrise.com\/#website","url":"https:\/\/dentsunrise.com\/","name":"Sunrise Dental Clinic","description":"Her G\u00fcl\u00fc\u015f Sa\u011fl\u0131kla Ba\u015flar","publisher":{"@id":"https:\/\/dentsunrise.com\/#organization"},"potentialAction":[{"@type":"SearchAction","target":{"@type":"EntryPoint","urlTemplate":"https:\/\/dentsunrise.com\/?s={search_term_string}"},"query-input":{"@type":"PropertyValueSpecification","valueRequired":true,"valueName":"search_term_string"}}],"inLanguage":"en-US"},{"@type":"Organization","@id":"https:\/\/dentsunrise.com\/#organization","name":"Sunrise Dental Clinic","url":"https:\/\/dentsunrise.com\/","logo":{"@type":"ImageObject","inLanguage":"en-US","@id":"https:\/\/dentsunrise.com\/#\/schema\/logo\/image\/","url":"https:\/\/dentsunrise.com\/wp-content\/uploads\/2025\/08\/logo.svg","contentUrl":"https:\/\/dentsunrise.com\/wp-content\/uploads\/2025\/08\/logo.svg","width":213,"height":46,"caption":"Sunrise Dental Clinic"},"image":{"@id":"https:\/\/dentsunrise.com\/#\/schema\/logo\/image\/"},"sameAs":["https:\/\/www.facebook.com\/dentsunrise","https:\/\/www.instagram.com\/dentsunrise\/","https:\/\/www.youtube.com\/@dentsunrise"]}]}},"_links":{"self":[{"href":"https:\/\/dentsunrise.com\/en\/wp-json\/wp\/v2\/pages\/158","targetHints":{"allow":["GET"]}}],"collection":[{"href":"https:\/\/dentsunrise.com\/en\/wp-json\/wp\/v2\/pages"}],"about":[{"href":"https:\/\/dentsunrise.com\/en\/wp-json\/wp\/v2\/types\/page"}],"author":[{"embeddable":true,"href":"https:\/\/dentsunrise.com\/en\/wp-json\/wp\/v2\/users\/1"}],"replies":[{"embeddable":true,"href":"https:\/\/dentsunrise.com\/en\/wp-json\/wp\/v2\/comments?post=158"}],"version-history":[{"count":58,"href":"https:\/\/dentsunrise.com\/en\/wp-json\/wp\/v2\/pages\/158\/revisions"}],"predecessor-version":[{"id":778,"href":"https:\/\/dentsunrise.com\/en\/wp-json\/wp\/v2\/pages\/158\/revisions\/778"}],"wp:attachment":[{"href":"https:\/\/dentsunrise.com\/en\/wp-json\/wp\/v2\/media?parent=158"}],"curies":[{"name":"wp","href":"https:\/\/api.w.org\/{rel}","templated":true}]}}