{"id":162,"date":"2025-08-29T14:09:35","date_gmt":"2025-08-29T14:09:35","guid":{"rendered":"https:\/\/dentsunrise.com\/?page_id=162"},"modified":"2025-09-10T11:30:05","modified_gmt":"2025-09-10T11:30:05","slug":"galeri","status":"publish","type":"page","link":"https:\/\/dentsunrise.com\/en\/galeri\/","title":{"rendered":"Gallery"},"content":{"rendered":"<div data-elementor-type=\"wp-page\" data-elementor-id=\"162\" class=\"elementor elementor-162\" data-elementor-post-type=\"page\">\n\t\t\t\t<div class=\"elementor-element elementor-element-1cfc723a e-con-full e-flex e-con e-parent\" data-id=\"1cfc723a\" data-element_type=\"container\">\n\t\t<div class=\"elementor-element elementor-element-2b47d6ee e-con-full e-flex e-con e-child\" data-id=\"2b47d6ee\" data-element_type=\"container\" data-settings=\"{&quot;background_background&quot;:&quot;classic&quot;}\">\n\t\t<div class=\"elementor-element elementor-element-6855e7de e-con-full e-flex e-con e-child\" data-id=\"6855e7de\" data-element_type=\"container\">\n\t\t\t\t<div class=\"elementor-element elementor-element-1b3ca12a elementor-widget-tablet__width-inherit elementor-widget__width-initial elementor-widget elementor-widget-elementskit-heading\" data-id=\"1b3ca12a\" data-element_type=\"widget\" data-widget_type=\"elementskit-heading.default\">\n\t\t\t\t\t<div class=\"ekit-wid-con\" ><div class=\"ekit-heading elementskit-section-title-wraper text_center   ekit_heading_tablet-   ekit_heading_mobile-text_center\"><h1 class=\"ekit-heading--title elementskit-section-title\">GALLERY<\/h1><\/div><\/div>\t\t\t\t<\/div>\n\t\t\t\t<div class=\"elementor-element elementor-element-71d0f989 elementor-widget__width-auto elementor-mobile-align-center elementor-icon-list--layout-inline elementor-list-item-link-full_width elementor-widget elementor-widget-icon-list\" data-id=\"71d0f989\" data-element_type=\"widget\" data-widget_type=\"icon-list.default\">\n\t\t\t\t\t\t\t<ul class=\"elementor-icon-list-items elementor-inline-items\">\n\t\t\t\t\t\t\t<li class=\"elementor-icon-list-item elementor-inline-item\">\n\t\t\t\t\t\t\t\t\t\t\t<a href=\"https:\/\/dentsunrise.com\/en\/\">\n\n\t\t\t\t\t\t\t\t\t\t\t<span class=\"elementor-icon-list-text\">Home<\/span>\n\t\t\t\t\t\t\t\t\t\t\t<\/a>\n\t\t\t\t\t\t\t\t\t<\/li>\n\t\t\t\t\t\t\t\t<li class=\"elementor-icon-list-item elementor-inline-item\">\n\t\t\t\t\t\t\t\t\t\t<span class=\"elementor-icon-list-text\">\/<\/span>\n\t\t\t\t\t\t\t\t\t<\/li>\n\t\t\t\t\t\t\t\t<li class=\"elementor-icon-list-item elementor-inline-item\">\n\t\t\t\t\t\t\t\t\t\t<span class=\"elementor-icon-list-text\">Gallery<\/span>\n\t\t\t\t\t\t\t\t\t<\/li>\n\t\t\t\t\t\t<\/ul>\n\t\t\t\t\t\t<\/div>\n\t\t\t\t<\/div>\n\t\t\t\t<\/div>\n\t\t\t\t<\/div>\n\t\t<div class=\"elementor-element elementor-element-f2e4622 e-flex e-con-boxed e-con e-parent\" data-id=\"f2e4622\" data-element_type=\"container\">\n\t\t\t\t\t<div class=\"e-con-inner\">\n\t\t<div class=\"elementor-element elementor-element-1a32abde e-con-full e-flex e-con e-child\" data-id=\"1a32abde\" data-element_type=\"container\">\n\t\t\t\t<div class=\"elementor-element elementor-element-241a88d elementor-widget elementor-widget-gallery\" data-id=\"241a88d\" data-element_type=\"widget\" data-settings=\"{&quot;gallery_layout&quot;:&quot;masonry&quot;,&quot;columns&quot;:6,&quot;columns_mobile&quot;:2,&quot;lazyload&quot;:&quot;yes&quot;,&quot;columns_tablet&quot;:2,&quot;gap&quot;:{&quot;unit&quot;:&quot;px&quot;,&quot;size&quot;:10,&quot;sizes&quot;:[]},&quot;gap_tablet&quot;:{&quot;unit&quot;:&quot;px&quot;,&quot;size&quot;:10,&quot;sizes&quot;:[]},&quot;gap_mobile&quot;:{&quot;unit&quot;:&quot;px&quot;,&quot;size&quot;:10,&quot;sizes&quot;:[]},&quot;link_to&quot;:&quot;file&quot;,&quot;overlay_background&quot;:&quot;yes&quot;,&quot;content_hover_animation&quot;:&quot;fade-in&quot;}\" data-widget_type=\"gallery.default\">\n\t\t\t\t\t\t\t<div class=\"elementor-gallery__container\">\n\t\t\t\t\t\t\t<a class=\"e-gallery-item elementor-gallery-item elementor-animated-content\" href=\"https:\/\/dentsunrise.com\/wp-content\/uploads\/2025\/09\/1.jpeg\" data-elementor-open-lightbox=\"yes\" data-elementor-lightbox-slideshow=\"241a88d\" data-elementor-lightbox-title=\"D\u0131\u015f \u00c7ekim\" data-e-action-hash=\"#elementor-action%3Aaction%3Dlightbox%26settings%3DeyJpZCI6MjYwLCJ1cmwiOiJodHRwczpcL1wvZGVudHN1bnJpc2UuY29tXC93cC1jb250ZW50XC91cGxvYWRzXC8yMDI1XC8wOVwvMS5qcGVnIiwic2xpZGVzaG93IjoiMjQxYTg4ZCJ9\">\n\t\t\t\t\t<div class=\"e-gallery-image elementor-gallery-item__image\" data-thumbnail=\"https:\/\/dentsunrise.com\/wp-content\/uploads\/2025\/09\/1-576x1024.jpeg\" data-width=\"576\" data-height=\"1024\" aria-label=\"\" role=\"img\" ><\/div>\n\t\t\t\t\t\t\t\t\t\t\t<div class=\"elementor-gallery-item__overlay\"><\/div>\n\t\t\t\t\t\t\t\t\t\t\t\t\t\t<\/a>\n\t\t\t\t\t\t\t<a class=\"e-gallery-item elementor-gallery-item elementor-animated-content\" href=\"https:\/\/dentsunrise.com\/wp-content\/uploads\/2025\/09\/3.jpeg\" data-elementor-open-lightbox=\"yes\" data-elementor-lightbox-slideshow=\"241a88d\" data-elementor-lightbox-title=\"D\u0131\u015f \u00c7ekim\" data-e-action-hash=\"#elementor-action%3Aaction%3Dlightbox%26settings%3DeyJpZCI6MjYyLCJ1cmwiOiJodHRwczpcL1wvZGVudHN1bnJpc2UuY29tXC93cC1jb250ZW50XC91cGxvYWRzXC8yMDI1XC8wOVwvMy5qcGVnIiwic2xpZGVzaG93IjoiMjQxYTg4ZCJ9\">\n\t\t\t\t\t<div class=\"e-gallery-image elementor-gallery-item__image\" data-thumbnail=\"https:\/\/dentsunrise.com\/wp-content\/uploads\/2025\/09\/3-1024x576.jpeg\" data-width=\"800\" data-height=\"450\" aria-label=\"\" role=\"img\" ><\/div>\n\t\t\t\t\t\t\t\t\t\t\t<div class=\"elementor-gallery-item__overlay\"><\/div>\n\t\t\t\t\t\t\t\t\t\t\t\t\t\t<\/a>\n\t\t\t\t\t\t\t<a class=\"e-gallery-item elementor-gallery-item elementor-animated-content\" href=\"https:\/\/dentsunrise.com\/wp-content\/uploads\/2025\/09\/5.jpeg\" data-elementor-open-lightbox=\"yes\" data-elementor-lightbox-slideshow=\"241a88d\" data-elementor-lightbox-title=\"D\u0131\u015f \u00c7ekim\" data-e-action-hash=\"#elementor-action%3Aaction%3Dlightbox%26settings%3DeyJpZCI6MjY0LCJ1cmwiOiJodHRwczpcL1wvZGVudHN1bnJpc2UuY29tXC93cC1jb250ZW50XC91cGxvYWRzXC8yMDI1XC8wOVwvNS5qcGVnIiwic2xpZGVzaG93IjoiMjQxYTg4ZCJ9\">\n\t\t\t\t\t<div class=\"e-gallery-image elementor-gallery-item__image\" data-thumbnail=\"https:\/\/dentsunrise.com\/wp-content\/uploads\/2025\/09\/5-576x1024.jpeg\" data-width=\"576\" data-height=\"1024\" aria-label=\"\" role=\"img\" ><\/div>\n\t\t\t\t\t\t\t\t\t\t\t<div class=\"elementor-gallery-item__overlay\"><\/div>\n\t\t\t\t\t\t\t\t\t\t\t\t\t\t<\/a>\n\t\t\t\t\t\t\t<a class=\"e-gallery-item elementor-gallery-item elementor-animated-content\" href=\"https:\/\/dentsunrise.com\/wp-content\/uploads\/2025\/09\/7.jpeg\" data-elementor-open-lightbox=\"yes\" data-elementor-lightbox-slideshow=\"241a88d\" data-elementor-lightbox-title=\"D\u0131\u015f \u00c7ekim\" data-e-action-hash=\"#elementor-action%3Aaction%3Dlightbox%26settings%3DeyJpZCI6MjY2LCJ1cmwiOiJodHRwczpcL1wvZGVudHN1bnJpc2UuY29tXC93cC1jb250ZW50XC91cGxvYWRzXC8yMDI1XC8wOVwvNy5qcGVnIiwic2xpZGVzaG93IjoiMjQxYTg4ZCJ9\">\n\t\t\t\t\t<div class=\"e-gallery-image elementor-gallery-item__image\" data-thumbnail=\"https:\/\/dentsunrise.com\/wp-content\/uploads\/2025\/09\/7-1024x576.jpeg\" data-width=\"800\" data-height=\"450\" aria-label=\"\" role=\"img\" ><\/div>\n\t\t\t\t\t\t\t\t\t\t\t<div class=\"elementor-gallery-item__overlay\"><\/div>\n\t\t\t\t\t\t\t\t\t\t\t\t\t\t<\/a>\n\t\t\t\t\t\t\t<a class=\"e-gallery-item elementor-gallery-item elementor-animated-content\" href=\"https:\/\/dentsunrise.com\/wp-content\/uploads\/2025\/09\/8.jpeg\" data-elementor-open-lightbox=\"yes\" data-elementor-lightbox-slideshow=\"241a88d\" data-elementor-lightbox-title=\"D\u0131\u015f \u00c7ekim\" data-e-action-hash=\"#elementor-action%3Aaction%3Dlightbox%26settings%3DeyJpZCI6MjY3LCJ1cmwiOiJodHRwczpcL1wvZGVudHN1bnJpc2UuY29tXC93cC1jb250ZW50XC91cGxvYWRzXC8yMDI1XC8wOVwvOC5qcGVnIiwic2xpZGVzaG93IjoiMjQxYTg4ZCJ9\">\n\t\t\t\t\t<div class=\"e-gallery-image elementor-gallery-item__image\" data-thumbnail=\"https:\/\/dentsunrise.com\/wp-content\/uploads\/2025\/09\/8-576x1024.jpeg\" data-width=\"576\" data-height=\"1024\" aria-label=\"\" role=\"img\" ><\/div>\n\t\t\t\t\t\t\t\t\t\t\t<div class=\"elementor-gallery-item__overlay\"><\/div>\n\t\t\t\t\t\t\t\t\t\t\t\t\t\t<\/a>\n\t\t\t\t\t\t\t<a class=\"e-gallery-item elementor-gallery-item elementor-animated-content\" href=\"https:\/\/dentsunrise.com\/wp-content\/uploads\/2025\/09\/IMG_6833.jpg\" data-elementor-open-lightbox=\"yes\" data-elementor-lightbox-slideshow=\"241a88d\" data-elementor-lightbox-title=\"\u0130\u00e7 \u00c7ekim\" data-e-action-hash=\"#elementor-action%3Aaction%3Dlightbox%26settings%3DeyJpZCI6NDE5LCJ1cmwiOiJodHRwczpcL1wvZGVudHN1bnJpc2UuY29tXC93cC1jb250ZW50XC91cGxvYWRzXC8yMDI1XC8wOVwvSU1HXzY4MzMuanBnIiwic2xpZGVzaG93IjoiMjQxYTg4ZCJ9\">\n\t\t\t\t\t<div class=\"e-gallery-image elementor-gallery-item__image\" data-thumbnail=\"https:\/\/dentsunrise.com\/wp-content\/uploads\/2025\/09\/IMG_6833-577x1024.jpg\" data-width=\"577\" data-height=\"1024\" aria-label=\"\" role=\"img\" ><\/div>\n\t\t\t\t\t\t\t\t\t\t\t<div class=\"elementor-gallery-item__overlay\"><\/div>\n\t\t\t\t\t\t\t\t\t\t\t\t\t\t<\/a>\n\t\t\t\t\t\t\t<a class=\"e-gallery-item elementor-gallery-item elementor-animated-content\" href=\"https:\/\/dentsunrise.com\/wp-content\/uploads\/2025\/09\/IMG_6834.jpg\" data-elementor-open-lightbox=\"yes\" data-elementor-lightbox-slideshow=\"241a88d\" data-elementor-lightbox-title=\"\u0130\u00e7 \u00c7ekim\" data-e-action-hash=\"#elementor-action%3Aaction%3Dlightbox%26settings%3DeyJpZCI6NDIwLCJ1cmwiOiJodHRwczpcL1wvZGVudHN1bnJpc2UuY29tXC93cC1jb250ZW50XC91cGxvYWRzXC8yMDI1XC8wOVwvSU1HXzY4MzQuanBnIiwic2xpZGVzaG93IjoiMjQxYTg4ZCJ9\">\n\t\t\t\t\t<div class=\"e-gallery-image elementor-gallery-item__image\" data-thumbnail=\"https:\/\/dentsunrise.com\/wp-content\/uploads\/2025\/09\/IMG_6834-577x1024.jpg\" data-width=\"577\" data-height=\"1024\" aria-label=\"\" role=\"img\" ><\/div>\n\t\t\t\t\t\t\t\t\t\t\t<div class=\"elementor-gallery-item__overlay\"><\/div>\n\t\t\t\t\t\t\t\t\t\t\t\t\t\t<\/a>\n\t\t\t\t\t\t\t<a class=\"e-gallery-item elementor-gallery-item elementor-animated-content\" href=\"https:\/\/dentsunrise.com\/wp-content\/uploads\/2025\/09\/IMG_6835.jpg\" data-elementor-open-lightbox=\"yes\" data-elementor-lightbox-slideshow=\"241a88d\" data-elementor-lightbox-title=\"\u0130\u00e7 \u00c7ekim\" data-e-action-hash=\"#elementor-action%3Aaction%3Dlightbox%26settings%3DeyJpZCI6NDIxLCJ1cmwiOiJodHRwczpcL1wvZGVudHN1bnJpc2UuY29tXC93cC1jb250ZW50XC91cGxvYWRzXC8yMDI1XC8wOVwvSU1HXzY4MzUuanBnIiwic2xpZGVzaG93IjoiMjQxYTg4ZCJ9\">\n\t\t\t\t\t<div class=\"e-gallery-image elementor-gallery-item__image\" data-thumbnail=\"https:\/\/dentsunrise.com\/wp-content\/uploads\/2025\/09\/IMG_6835-577x1024.jpg\" data-width=\"577\" data-height=\"1024\" aria-label=\"\" role=\"img\" ><\/div>\n\t\t\t\t\t\t\t\t\t\t\t<div class=\"elementor-gallery-item__overlay\"><\/div>\n\t\t\t\t\t\t\t\t\t\t\t\t\t\t<\/a>\n\t\t\t\t\t\t\t<a class=\"e-gallery-item elementor-gallery-item elementor-animated-content\" href=\"https:\/\/dentsunrise.com\/wp-content\/uploads\/2025\/09\/IMG_6836.jpg\" data-elementor-open-lightbox=\"yes\" data-elementor-lightbox-slideshow=\"241a88d\" data-elementor-lightbox-title=\"\u0130\u00e7 \u00c7ekim\" data-e-action-hash=\"#elementor-action%3Aaction%3Dlightbox%26settings%3DeyJpZCI6NDIyLCJ1cmwiOiJodHRwczpcL1wvZGVudHN1bnJpc2UuY29tXC93cC1jb250ZW50XC91cGxvYWRzXC8yMDI1XC8wOVwvSU1HXzY4MzYuanBnIiwic2xpZGVzaG93IjoiMjQxYTg4ZCJ9\">\n\t\t\t\t\t<div class=\"e-gallery-image elementor-gallery-item__image\" data-thumbnail=\"https:\/\/dentsunrise.com\/wp-content\/uploads\/2025\/09\/IMG_6836-577x1024.jpg\" data-width=\"577\" data-height=\"1024\" aria-label=\"\" role=\"img\" ><\/div>\n\t\t\t\t\t\t\t\t\t\t\t<div class=\"elementor-gallery-item__overlay\"><\/div>\n\t\t\t\t\t\t\t\t\t\t\t\t\t\t<\/a>\n\t\t\t\t\t\t\t<a class=\"e-gallery-item elementor-gallery-item elementor-animated-content\" href=\"https:\/\/dentsunrise.com\/wp-content\/uploads\/2025\/09\/IMG_6837.jpg\" data-elementor-open-lightbox=\"yes\" data-elementor-lightbox-slideshow=\"241a88d\" data-elementor-lightbox-title=\"\u0130\u00e7 \u00c7ekim\" data-e-action-hash=\"#elementor-action%3Aaction%3Dlightbox%26settings%3DeyJpZCI6NDIzLCJ1cmwiOiJodHRwczpcL1wvZGVudHN1bnJpc2UuY29tXC93cC1jb250ZW50XC91cGxvYWRzXC8yMDI1XC8wOVwvSU1HXzY4MzcuanBnIiwic2xpZGVzaG93IjoiMjQxYTg4ZCJ9\">\n\t\t\t\t\t<div class=\"e-gallery-image elementor-gallery-item__image\" data-thumbnail=\"https:\/\/dentsunrise.com\/wp-content\/uploads\/2025\/09\/IMG_6837-577x1024.jpg\" data-width=\"577\" data-height=\"1024\" aria-label=\"\" role=\"img\" ><\/div>\n\t\t\t\t\t\t\t\t\t\t\t<div class=\"elementor-gallery-item__overlay\"><\/div>\n\t\t\t\t\t\t\t\t\t\t\t\t\t\t<\/a>\n\t\t\t\t\t<\/div>\n\t\t\t\t\t<\/div>\n\t\t\t\t<\/div>\n\t\t\t\t\t<\/div>\n\t\t\t\t<\/div>\n\t\t\t\t<\/div>","protected":false},"excerpt":{"rendered":"<p>GALER\u0130 Anasayfa \/ Galeri<\/p>","protected":false},"author":1,"featured_media":0,"parent":0,"menu_order":0,"comment_status":"closed","ping_status":"closed","template":"elementor_header_footer","meta":{"footnotes":""},"class_list":["post-162","page","type-page","status-publish","hentry"],"yoast_head":"<!-- This site is optimized with the Yoast SEO plugin v26.0 - https:\/\/yoast.com\/wordpress\/plugins\/seo\/ -->\n<title>Galeri - Sunrise Dental Clinic<\/title>\n<meta name=\"robots\" content=\"index, follow, max-snippet:-1, max-image-preview:large, max-video-preview:-1\" \/>\n<link rel=\"canonical\" href=\"https:\/\/dentsunrise.com\/en\/galeri\/\" \/>\n<meta property=\"og:locale\" content=\"en_US\" \/>\n<meta property=\"og:type\" content=\"article\" \/>\n<meta property=\"og:title\" content=\"Galeri - Sunrise Dental Clinic\" \/>\n<meta property=\"og:description\" content=\"GALER\u0130 Anasayfa \/ Galeri\" \/>\n<meta property=\"og:url\" content=\"https:\/\/dentsunrise.com\/en\/galeri\/\" \/>\n<meta property=\"og:site_name\" content=\"Sunrise Dental Clinic\" \/>\n<meta property=\"article:publisher\" content=\"https:\/\/www.facebook.com\/dentsunrise\" \/>\n<meta property=\"article:modified_time\" content=\"2025-09-10T11:30:05+00:00\" \/>\n<meta property=\"og:image\" content=\"https:\/\/dentsunrise.com\/wp-content\/uploads\/2025\/10\/site-gorseli.png\" \/>\n\t<meta property=\"og:image:width\" content=\"1912\" \/>\n\t<meta property=\"og:image:height\" content=\"895\" \/>\n\t<meta property=\"og:image:type\" content=\"image\/png\" \/>\n<meta name=\"twitter:card\" content=\"summary_large_image\" \/>\n<script type=\"application\/ld+json\" class=\"yoast-schema-graph\">{\"@context\":\"https:\/\/schema.org\",\"@graph\":[{\"@type\":\"WebPage\",\"@id\":\"https:\/\/dentsunrise.com\/galeri\/\",\"url\":\"https:\/\/dentsunrise.com\/galeri\/\",\"name\":\"Galeri - Sunrise Dental Clinic\",\"isPartOf\":{\"@id\":\"https:\/\/dentsunrise.com\/#website\"},\"datePublished\":\"2025-08-29T14:09:35+00:00\",\"dateModified\":\"2025-09-10T11:30:05+00:00\",\"breadcrumb\":{\"@id\":\"https:\/\/dentsunrise.com\/galeri\/#breadcrumb\"},\"inLanguage\":\"en-US\",\"potentialAction\":[{\"@type\":\"ReadAction\",\"target\":[\"https:\/\/dentsunrise.com\/galeri\/\"]}]},{\"@type\":\"BreadcrumbList\",\"@id\":\"https:\/\/dentsunrise.com\/galeri\/#breadcrumb\",\"itemListElement\":[{\"@type\":\"ListItem\",\"position\":1,\"name\":\"Anasayfa\",\"item\":\"https:\/\/dentsunrise.com\/\"},{\"@type\":\"ListItem\",\"position\":2,\"name\":\"Galeri\"}]},{\"@type\":\"WebSite\",\"@id\":\"https:\/\/dentsunrise.com\/#website\",\"url\":\"https:\/\/dentsunrise.com\/\",\"name\":\"Sunrise Dental Clinic\",\"description\":\"Her G\u00fcl\u00fc\u015f Sa\u011fl\u0131kla Ba\u015flar\",\"publisher\":{\"@id\":\"https:\/\/dentsunrise.com\/#organization\"},\"potentialAction\":[{\"@type\":\"SearchAction\",\"target\":{\"@type\":\"EntryPoint\",\"urlTemplate\":\"https:\/\/dentsunrise.com\/?s={search_term_string}\"},\"query-input\":{\"@type\":\"PropertyValueSpecification\",\"valueRequired\":true,\"valueName\":\"search_term_string\"}}],\"inLanguage\":\"en-US\"},{\"@type\":\"Organization\",\"@id\":\"https:\/\/dentsunrise.com\/#organization\",\"name\":\"Sunrise Dental Clinic\",\"url\":\"https:\/\/dentsunrise.com\/\",\"logo\":{\"@type\":\"ImageObject\",\"inLanguage\":\"en-US\",\"@id\":\"https:\/\/dentsunrise.com\/#\/schema\/logo\/image\/\",\"url\":\"https:\/\/dentsunrise.com\/wp-content\/uploads\/2025\/08\/logo.svg\",\"contentUrl\":\"https:\/\/dentsunrise.com\/wp-content\/uploads\/2025\/08\/logo.svg\",\"width\":213,\"height\":46,\"caption\":\"Sunrise Dental Clinic\"},\"image\":{\"@id\":\"https:\/\/dentsunrise.com\/#\/schema\/logo\/image\/\"},\"sameAs\":[\"https:\/\/www.facebook.com\/dentsunrise\",\"https:\/\/www.instagram.com\/dentsunrise\/\",\"https:\/\/www.youtube.com\/@dentsunrise\"]}]}<\/script>\n<!-- \/ Yoast SEO plugin. -->","yoast_head_json":{"title":"Galeri - Sunrise Dental Clinic","robots":{"index":"index","follow":"follow","max-snippet":"max-snippet:-1","max-image-preview":"max-image-preview:large","max-video-preview":"max-video-preview:-1"},"canonical":"https:\/\/dentsunrise.com\/en\/galeri\/","og_locale":"en_US","og_type":"article","og_title":"Galeri - Sunrise Dental Clinic","og_description":"GALER\u0130 Anasayfa \/ Galeri","og_url":"https:\/\/dentsunrise.com\/en\/galeri\/","og_site_name":"Sunrise Dental Clinic","article_publisher":"https:\/\/www.facebook.com\/dentsunrise","article_modified_time":"2025-09-10T11:30:05+00:00","og_image":[{"width":1912,"height":895,"url":"https:\/\/dentsunrise.com\/wp-content\/uploads\/2025\/10\/site-gorseli.png","type":"image\/png"}],"twitter_card":"summary_large_image","schema":{"@context":"https:\/\/schema.org","@graph":[{"@type":"WebPage","@id":"https:\/\/dentsunrise.com\/galeri\/","url":"https:\/\/dentsunrise.com\/galeri\/","name":"Galeri - Sunrise Dental Clinic","isPartOf":{"@id":"https:\/\/dentsunrise.com\/#website"},"datePublished":"2025-08-29T14:09:35+00:00","dateModified":"2025-09-10T11:30:05+00:00","breadcrumb":{"@id":"https:\/\/dentsunrise.com\/galeri\/#breadcrumb"},"inLanguage":"en-US","potentialAction":[{"@type":"ReadAction","target":["https:\/\/dentsunrise.com\/galeri\/"]}]},{"@type":"BreadcrumbList","@id":"https:\/\/dentsunrise.com\/galeri\/#breadcrumb","itemListElement":[{"@type":"ListItem","position":1,"name":"Anasayfa","item":"https:\/\/dentsunrise.com\/"},{"@type":"ListItem","position":2,"name":"Galeri"}]},{"@type":"WebSite","@id":"https:\/\/dentsunrise.com\/#website","url":"https:\/\/dentsunrise.com\/","name":"Sunrise Dental Clinic","description":"Her G\u00fcl\u00fc\u015f Sa\u011fl\u0131kla Ba\u015flar","publisher":{"@id":"https:\/\/dentsunrise.com\/#organization"},"potentialAction":[{"@type":"SearchAction","target":{"@type":"EntryPoint","urlTemplate":"https:\/\/dentsunrise.com\/?s={search_term_string}"},"query-input":{"@type":"PropertyValueSpecification","valueRequired":true,"valueName":"search_term_string"}}],"inLanguage":"en-US"},{"@type":"Organization","@id":"https:\/\/dentsunrise.com\/#organization","name":"Sunrise Dental Clinic","url":"https:\/\/dentsunrise.com\/","logo":{"@type":"ImageObject","inLanguage":"en-US","@id":"https:\/\/dentsunrise.com\/#\/schema\/logo\/image\/","url":"https:\/\/dentsunrise.com\/wp-content\/uploads\/2025\/08\/logo.svg","contentUrl":"https:\/\/dentsunrise.com\/wp-content\/uploads\/2025\/08\/logo.svg","width":213,"height":46,"caption":"Sunrise Dental Clinic"},"image":{"@id":"https:\/\/dentsunrise.com\/#\/schema\/logo\/image\/"},"sameAs":["https:\/\/www.facebook.com\/dentsunrise","https:\/\/www.instagram.com\/dentsunrise\/","https:\/\/www.youtube.com\/@dentsunrise"]}]}},"_links":{"self":[{"href":"https:\/\/dentsunrise.com\/en\/wp-json\/wp\/v2\/pages\/162","targetHints":{"allow":["GET"]}}],"collection":[{"href":"https:\/\/dentsunrise.com\/en\/wp-json\/wp\/v2\/pages"}],"about":[{"href":"https:\/\/dentsunrise.com\/en\/wp-json\/wp\/v2\/types\/page"}],"author":[{"embeddable":true,"href":"https:\/\/dentsunrise.com\/en\/wp-json\/wp\/v2\/users\/1"}],"replies":[{"embeddable":true,"href":"https:\/\/dentsunrise.com\/en\/wp-json\/wp\/v2\/comments?post=162"}],"version-history":[{"count":34,"href":"https:\/\/dentsunrise.com\/en\/wp-json\/wp\/v2\/pages\/162\/revisions"}],"predecessor-version":[{"id":638,"href":"https:\/\/dentsunrise.com\/en\/wp-json\/wp\/v2\/pages\/162\/revisions\/638"}],"wp:attachment":[{"href":"https:\/\/dentsunrise.com\/en\/wp-json\/wp\/v2\/media?parent=162"}],"curies":[{"name":"wp","href":"https:\/\/api.w.org\/{rel}","templated":true}]}}