{"id":224,"date":"2025-08-29T15:02:13","date_gmt":"2025-08-29T15:02:13","guid":{"rendered":"https:\/\/dentsunrise.com\/?page_id=224"},"modified":"2025-10-06T11:40:38","modified_gmt":"2025-10-06T11:40:38","slug":"kurumsal","status":"publish","type":"page","link":"https:\/\/dentsunrise.com\/ru\/kurumsal\/","title":{"rendered":"\u0418\u043d\u0441\u0442\u0438\u0442\u0443\u0446\u0438\u043e\u043d\u0430\u043b\u044c\u043d\u044b\u0439"},"content":{"rendered":"<div data-elementor-type=\"wp-page\" data-elementor-id=\"224\" class=\"elementor elementor-224\" data-elementor-post-type=\"page\">\n\t\t\t\t<div class=\"elementor-element elementor-element-6760eae7 e-con-full e-flex e-con e-parent\" data-id=\"6760eae7\" data-element_type=\"container\">\n\t\t<div class=\"elementor-element elementor-element-f15d741 e-con-full e-flex e-con e-child\" data-id=\"f15d741\" data-element_type=\"container\" data-settings=\"{&quot;background_background&quot;:&quot;classic&quot;}\">\n\t\t<div class=\"elementor-element elementor-element-f3ed159 e-con-full e-flex e-con e-child\" data-id=\"f3ed159\" data-element_type=\"container\">\n\t\t\t\t<div class=\"elementor-element elementor-element-51b08cff elementor-widget-tablet__width-inherit elementor-widget__width-initial elementor-widget elementor-widget-elementskit-heading\" data-id=\"51b08cff\" data-element_type=\"widget\" data-widget_type=\"elementskit-heading.default\">\n\t\t\t\t\t<div class=\"ekit-wid-con\" ><div class=\"ekit-heading elementskit-section-title-wraper text_center   ekit_heading_tablet-   ekit_heading_mobile-text_center\"><h1 class=\"ekit-heading--title elementskit-section-title\">\u0418\u043d\u0441\u0442\u0438\u0442\u0443\u0446\u0438\u043e\u043d\u0430\u043b\u044c\u043d\u044b\u0439<\/h1><\/div><\/div>\t\t\t\t<\/div>\n\t\t\t\t<div class=\"elementor-element elementor-element-3064016b elementor-widget__width-auto elementor-mobile-align-center elementor-icon-list--layout-inline elementor-list-item-link-full_width elementor-widget elementor-widget-icon-list\" data-id=\"3064016b\" data-element_type=\"widget\" data-widget_type=\"icon-list.default\">\n\t\t\t\t\t\t\t<ul class=\"elementor-icon-list-items elementor-inline-items\">\n\t\t\t\t\t\t\t<li class=\"elementor-icon-list-item elementor-inline-item\">\n\t\t\t\t\t\t\t\t\t\t\t<a href=\"https:\/\/dentsunrise.com\/ru\/\">\n\n\t\t\t\t\t\t\t\t\t\t\t<span class=\"elementor-icon-list-text\">\u0414\u043e\u043c\u0430\u0448\u043d\u044f\u044f \u0441\u0442\u0440\u0430\u043d\u0438\u0446\u0430<\/span>\n\t\t\t\t\t\t\t\t\t\t\t<\/a>\n\t\t\t\t\t\t\t\t\t<\/li>\n\t\t\t\t\t\t\t\t<li class=\"elementor-icon-list-item elementor-inline-item\">\n\t\t\t\t\t\t\t\t\t\t<span class=\"elementor-icon-list-text\">\/<\/span>\n\t\t\t\t\t\t\t\t\t<\/li>\n\t\t\t\t\t\t\t\t<li class=\"elementor-icon-list-item elementor-inline-item\">\n\t\t\t\t\t\t\t\t\t\t<span class=\"elementor-icon-list-text\">\u0418\u043d\u0441\u0442\u0438\u0442\u0443\u0446\u0438\u043e\u043d\u0430\u043b\u044c\u043d\u044b\u0439<\/span>\n\t\t\t\t\t\t\t\t\t<\/li>\n\t\t\t\t\t\t<\/ul>\n\t\t\t\t\t\t<\/div>\n\t\t\t\t<\/div>\n\t\t\t\t<\/div>\n\t\t\t\t<\/div>\n\t\t<div class=\"elementor-element elementor-element-25bf15f9 e-flex e-con-boxed e-con e-parent\" data-id=\"25bf15f9\" data-element_type=\"container\">\n\t\t\t\t\t<div class=\"e-con-inner\">\n\t\t<div class=\"elementor-element elementor-element-f837ca3 e-con-full e-flex e-con e-child\" data-id=\"f837ca3\" data-element_type=\"container\">\n\t\t<div class=\"elementor-element elementor-element-978ec7a e-con-full e-flex e-con e-child\" data-id=\"978ec7a\" data-element_type=\"container\" data-settings=\"{&quot;background_background&quot;:&quot;classic&quot;}\">\n\t\t\t\t<\/div>\n\t\t<div class=\"elementor-element elementor-element-fd7bd74 e-con-full e-flex e-con e-child\" data-id=\"fd7bd74\" data-element_type=\"container\">\n\t\t\t\t<div class=\"elementor-element elementor-element-4fa5c008 elementor-widget__width-initial elementor-widget-tablet__width-initial elementor-invisible elementor-widget elementor-widget-elementskit-heading\" data-id=\"4fa5c008\" data-element_type=\"widget\" data-settings=\"{&quot;_animation&quot;:&quot;fadeInUp&quot;}\" data-widget_type=\"elementskit-heading.default\">\n\t\t\t\t\t<div class=\"ekit-wid-con\" ><div class=\"ekit-heading elementskit-section-title-wraper text_left   ekit_heading_tablet-   ekit_heading_mobile-\"><h6 class=\"elementskit-section-subtitle\">\n\t\t\t\t\t\t\u0418\u043d\u0441\u0442\u0438\u0442\u0443\u0446\u0438\u043e\u043d\u0430\u043b\u044c\u043d\u044b\u0439\n\t\t\t\t\t<\/h6><h3 class=\"ekit-heading--title elementskit-section-title\">\u041e \u043d\u0430\u0441<\/h3><\/div><\/div>\t\t\t\t<\/div>\n\t\t\t\t<div class=\"elementor-element elementor-element-0e8a6b0 elementor-widget elementor-widget-text-editor\" data-id=\"0e8a6b0\" data-element_type=\"widget\" data-widget_type=\"text-editor.default\">\n\t\t\t\t\t\t\t\t\t<p>\u041d\u0430\u0448\u0430 \u043a\u043b\u0438\u043d\u0438\u043a\u0430 \u0441\u043e\u0447\u0435\u0442\u0430\u0435\u0442 \u0432 \u0441\u0435\u0431\u0435 \u0441\u043e\u0432\u0440\u0435\u043c\u0435\u043d\u043d\u0443\u044e \u0441\u0442\u043e\u043c\u0430\u0442\u043e\u043b\u043e\u0433\u0438\u044e \u0441 \u0434\u043e\u0432\u0435\u0440\u0438\u0435\u043c \u0438 \u0443\u0434\u043e\u0432\u043b\u0435\u0442\u0432\u043e\u0440\u0435\u043d\u0438\u0435\u043c \u043f\u0430\u0446\u0438\u0435\u043d\u0442\u043e\u0432. \u041d\u0430\u0448\u0430 \u0446\u0435\u043b\u044c \u2014 \u0441\u043e\u0437\u0434\u0430\u0442\u044c \u0430\u0442\u043c\u043e\u0441\u0444\u0435\u0440\u0443, \u0432 \u043a\u043e\u0442\u043e\u0440\u043e\u0439 \u043a\u0430\u0436\u0434\u044b\u0439 \u043f\u0430\u0446\u0438\u0435\u043d\u0442 \u0447\u0443\u0432\u0441\u0442\u0432\u0443\u0435\u0442 \u0441\u0435\u0431\u044f \u043a\u043e\u043c\u0444\u043e\u0440\u0442\u043d\u043e \u0438 \u0443\u044e\u0442\u043d\u043e.<\/p><p>\u041d\u0430\u0448\u0430 \u043c\u043e\u043b\u043e\u0434\u0430\u044f \u0438 \u0434\u0438\u043d\u0430\u043c\u0438\u0447\u043d\u0430\u044f \u043a\u043e\u043c\u0430\u043d\u0434\u0430 \u043f\u043e\u0441\u0442\u043e\u044f\u043d\u043d\u043e \u0441\u043e\u0432\u0435\u0440\u0448\u0435\u043d\u0441\u0442\u0432\u0443\u0435\u0442\u0441\u044f, \u043e\u0441\u0432\u0430\u0438\u0432\u0430\u044f \u043d\u043e\u0432\u0435\u0439\u0448\u0438\u0435 \u043c\u0435\u0442\u043e\u0434\u0438\u043a\u0438. \u041c\u044b \u0443\u0434\u0435\u043b\u044f\u0435\u043c \u043f\u0435\u0440\u0432\u043e\u0441\u0442\u0435\u043f\u0435\u043d\u043d\u043e\u0435 \u0432\u043d\u0438\u043c\u0430\u043d\u0438\u0435 \u043d\u0435 \u0442\u043e\u043b\u044c\u043a\u043e \u043b\u0435\u0447\u0435\u043d\u0438\u044e, \u043d\u043e \u0438 \u0442\u043e\u043c\u0443, \u0447\u0442\u043e\u0431\u044b \u0434\u0430\u0440\u0438\u0442\u044c \u043d\u0430\u0448\u0438\u043c \u043f\u0430\u0446\u0438\u0435\u043d\u0442\u0430\u043c \u0437\u0434\u043e\u0440\u043e\u0432\u044b\u0435, \u043a\u0440\u0430\u0441\u0438\u0432\u044b\u0435 \u0443\u043b\u044b\u0431\u043a\u0438, \u043a\u043e\u0442\u043e\u0440\u044b\u0435 \u0432\u0441\u0435\u043b\u044f\u044e\u0442 \u0443\u0432\u0435\u0440\u0435\u043d\u043d\u043e\u0441\u0442\u044c.<\/p>\t\t\t\t\t\t\t\t<\/div>\n\t\t\t\t<div class=\"elementor-element elementor-element-334f1d2 elementor-widget__width-initial elementor-widget-tablet__width-initial elementor-invisible elementor-widget elementor-widget-elementskit-heading\" data-id=\"334f1d2\" data-element_type=\"widget\" data-settings=\"{&quot;_animation&quot;:&quot;fadeInUp&quot;}\" data-widget_type=\"elementskit-heading.default\">\n\t\t\t\t\t<div class=\"ekit-wid-con\" ><div class=\"ekit-heading elementskit-section-title-wraper text_left   ekit_heading_tablet-   ekit_heading_mobile-text_left\"><h3 class=\"ekit-heading--title elementskit-section-title\">\u041d\u0430\u0448\u0430 \u043c\u0438\u0441\u0441\u0438\u044f<\/h3><\/div><\/div>\t\t\t\t<\/div>\n\t\t\t\t<div class=\"elementor-element elementor-element-64bfa11 elementor-widget elementor-widget-text-editor\" data-id=\"64bfa11\" data-element_type=\"widget\" data-widget_type=\"text-editor.default\">\n\t\t\t\t\t\t\t\t\t<p>\u041c\u044b \u0432\u0435\u0440\u0438\u043c, \u0447\u0442\u043e \u0443\u043b\u044b\u0431\u043a\u0430 \u043c\u0435\u043d\u044f\u0435\u0442 \u0436\u0438\u0437\u043d\u044c. \u0418\u043c\u0435\u043d\u043d\u043e \u043f\u043e\u044d\u0442\u043e\u043c\u0443 \u043d\u0430\u0448\u0430 \u0446\u0435\u043b\u044c \u2014 \u0441\u0434\u0435\u043b\u0430\u0442\u044c \u0441\u0442\u043e\u043c\u0430\u0442\u043e\u043b\u043e\u0433\u0438\u044e \u0434\u043e\u0441\u0442\u0443\u043f\u043d\u043e\u0439, \u043a\u043e\u043c\u0444\u043e\u0440\u0442\u043d\u043e\u0439 \u0438 \u043a\u0430\u0447\u0435\u0441\u0442\u0432\u0435\u043d\u043d\u043e\u0439, \u043f\u0440\u0435\u0434\u043b\u0430\u0433\u0430\u044f \u043d\u0430\u0448\u0438\u043c \u043f\u0430\u0446\u0438\u0435\u043d\u0442\u0430\u043c \u043d\u0435 \u0442\u043e\u043b\u044c\u043a\u043e \u043b\u0435\u0447\u0435\u043d\u0438\u0435, \u043d\u043e \u0438 \u0443\u0432\u0435\u0440\u0435\u043d\u043d\u043e\u0441\u0442\u044c \u0438 \u0437\u0430\u0431\u043e\u0442\u0443.<\/p>\t\t\t\t\t\t\t\t<\/div>\n\t\t\t\t<\/div>\n\t\t\t\t<\/div>\n\t\t\t\t\t<\/div>\n\t\t\t\t<\/div>\n\t\t\t\t<\/div>","protected":false},"excerpt":{"rendered":"<p>Kurumsal Anasayfa \/ Kurumsal Kurumsal Hakk\u0131m\u0131zda Klinikimiz, modern di\u015f hekimli\u011fini g\u00fcven ve hasta memnuniyetiyle bulu\u015fturan bir merkezdir. Amac\u0131m\u0131z, her hastam\u0131z\u0131n kendini rahat ve huzurlu hissedece\u011fi bir ortam sunmakt\u0131r. Gen\u00e7 ve dinamik ekibimiz, g\u00fcncel y\u00f6ntemleri \u00f6\u011frenerek s\u00fcrekli kendini geli\u015ftirmektedir. Bizim i\u00e7in yaln\u0131zca tedavi de\u011fil, hastalar\u0131m\u0131za g\u00fcven veren sa\u011fl\u0131kl\u0131 ve estetik g\u00fcl\u00fc\u015fler kazand\u0131rmak da \u00f6nemlidir. Misyonumuz Biz, [&hellip;]<\/p>","protected":false},"author":1,"featured_media":0,"parent":0,"menu_order":0,"comment_status":"closed","ping_status":"closed","template":"elementor_header_footer","meta":{"footnotes":""},"class_list":["post-224","page","type-page","status-publish","hentry"],"yoast_head":"<!-- This site is optimized with the Yoast SEO plugin v26.0 - https:\/\/yoast.com\/wordpress\/plugins\/seo\/ -->\n<title>Kurumsal - Sunrise Dental Clinic<\/title>\n<meta name=\"robots\" content=\"index, follow, max-snippet:-1, max-image-preview:large, max-video-preview:-1\" \/>\n<link rel=\"canonical\" href=\"https:\/\/dentsunrise.com\/ru\/kurumsal\/\" \/>\n<meta property=\"og:locale\" content=\"ru_RU\" \/>\n<meta property=\"og:type\" content=\"article\" \/>\n<meta property=\"og:title\" content=\"Kurumsal - Sunrise Dental Clinic\" \/>\n<meta property=\"og:description\" content=\"Kurumsal Anasayfa \/ Kurumsal Kurumsal Hakk\u0131m\u0131zda Klinikimiz, modern di\u015f hekimli\u011fini g\u00fcven ve hasta memnuniyetiyle bulu\u015fturan bir merkezdir. Amac\u0131m\u0131z, her hastam\u0131z\u0131n kendini rahat ve huzurlu hissedece\u011fi bir ortam sunmakt\u0131r. Gen\u00e7 ve dinamik ekibimiz, g\u00fcncel y\u00f6ntemleri \u00f6\u011frenerek s\u00fcrekli kendini geli\u015ftirmektedir. Bizim i\u00e7in yaln\u0131zca tedavi de\u011fil, hastalar\u0131m\u0131za g\u00fcven veren sa\u011fl\u0131kl\u0131 ve estetik g\u00fcl\u00fc\u015fler kazand\u0131rmak da \u00f6nemlidir. Misyonumuz Biz, [&hellip;]\" \/>\n<meta property=\"og:url\" content=\"https:\/\/dentsunrise.com\/ru\/kurumsal\/\" \/>\n<meta property=\"og:site_name\" content=\"Sunrise Dental Clinic\" \/>\n<meta property=\"article:publisher\" content=\"https:\/\/www.facebook.com\/dentsunrise\" \/>\n<meta property=\"article:modified_time\" content=\"2025-10-06T11:40:38+00:00\" \/>\n<meta property=\"og:image\" content=\"https:\/\/dentsunrise.com\/wp-content\/uploads\/2025\/10\/site-gorseli.png\" \/>\n\t<meta property=\"og:image:width\" content=\"1912\" \/>\n\t<meta property=\"og:image:height\" content=\"895\" \/>\n\t<meta property=\"og:image:type\" content=\"image\/png\" \/>\n<meta name=\"twitter:card\" content=\"summary_large_image\" \/>\n<meta name=\"twitter:label1\" content=\"\u041f\u0440\u0438\u043c\u0435\u0440\u043d\u043e\u0435 \u0432\u0440\u0435\u043c\u044f \u0434\u043b\u044f \u0447\u0442\u0435\u043d\u0438\u044f\" \/>\n\t<meta name=\"twitter:data1\" content=\"1 \u043c\u0438\u043d\u0443\u0442\u0430\" \/>\n<script type=\"application\/ld+json\" class=\"yoast-schema-graph\">{\"@context\":\"https:\/\/schema.org\",\"@graph\":[{\"@type\":\"WebPage\",\"@id\":\"https:\/\/dentsunrise.com\/kurumsal\/\",\"url\":\"https:\/\/dentsunrise.com\/kurumsal\/\",\"name\":\"Kurumsal - Sunrise Dental Clinic\",\"isPartOf\":{\"@id\":\"https:\/\/dentsunrise.com\/#website\"},\"datePublished\":\"2025-08-29T15:02:13+00:00\",\"dateModified\":\"2025-10-06T11:40:38+00:00\",\"breadcrumb\":{\"@id\":\"https:\/\/dentsunrise.com\/kurumsal\/#breadcrumb\"},\"inLanguage\":\"ru-RU\",\"potentialAction\":[{\"@type\":\"ReadAction\",\"target\":[\"https:\/\/dentsunrise.com\/kurumsal\/\"]}]},{\"@type\":\"BreadcrumbList\",\"@id\":\"https:\/\/dentsunrise.com\/kurumsal\/#breadcrumb\",\"itemListElement\":[{\"@type\":\"ListItem\",\"position\":1,\"name\":\"Anasayfa\",\"item\":\"https:\/\/dentsunrise.com\/\"},{\"@type\":\"ListItem\",\"position\":2,\"name\":\"Kurumsal\"}]},{\"@type\":\"WebSite\",\"@id\":\"https:\/\/dentsunrise.com\/#website\",\"url\":\"https:\/\/dentsunrise.com\/\",\"name\":\"Sunrise Dental Clinic\",\"description\":\"Her G\u00fcl\u00fc\u015f Sa\u011fl\u0131kla Ba\u015flar\",\"publisher\":{\"@id\":\"https:\/\/dentsunrise.com\/#organization\"},\"potentialAction\":[{\"@type\":\"SearchAction\",\"target\":{\"@type\":\"EntryPoint\",\"urlTemplate\":\"https:\/\/dentsunrise.com\/?s={search_term_string}\"},\"query-input\":{\"@type\":\"PropertyValueSpecification\",\"valueRequired\":true,\"valueName\":\"search_term_string\"}}],\"inLanguage\":\"ru-RU\"},{\"@type\":\"Organization\",\"@id\":\"https:\/\/dentsunrise.com\/#organization\",\"name\":\"Sunrise Dental Clinic\",\"url\":\"https:\/\/dentsunrise.com\/\",\"logo\":{\"@type\":\"ImageObject\",\"inLanguage\":\"ru-RU\",\"@id\":\"https:\/\/dentsunrise.com\/#\/schema\/logo\/image\/\",\"url\":\"https:\/\/dentsunrise.com\/wp-content\/uploads\/2025\/08\/logo.svg\",\"contentUrl\":\"https:\/\/dentsunrise.com\/wp-content\/uploads\/2025\/08\/logo.svg\",\"width\":213,\"height\":46,\"caption\":\"Sunrise Dental Clinic\"},\"image\":{\"@id\":\"https:\/\/dentsunrise.com\/#\/schema\/logo\/image\/\"},\"sameAs\":[\"https:\/\/www.facebook.com\/dentsunrise\",\"https:\/\/www.instagram.com\/dentsunrise\/\",\"https:\/\/www.youtube.com\/@dentsunrise\"]}]}<\/script>\n<!-- \/ Yoast SEO plugin. -->","yoast_head_json":{"title":"Kurumsal - Sunrise Dental Clinic","robots":{"index":"index","follow":"follow","max-snippet":"max-snippet:-1","max-image-preview":"max-image-preview:large","max-video-preview":"max-video-preview:-1"},"canonical":"https:\/\/dentsunrise.com\/ru\/kurumsal\/","og_locale":"ru_RU","og_type":"article","og_title":"Kurumsal - Sunrise Dental Clinic","og_description":"Kurumsal Anasayfa \/ Kurumsal Kurumsal Hakk\u0131m\u0131zda Klinikimiz, modern di\u015f hekimli\u011fini g\u00fcven ve hasta memnuniyetiyle bulu\u015fturan bir merkezdir. Amac\u0131m\u0131z, her hastam\u0131z\u0131n kendini rahat ve huzurlu hissedece\u011fi bir ortam sunmakt\u0131r. Gen\u00e7 ve dinamik ekibimiz, g\u00fcncel y\u00f6ntemleri \u00f6\u011frenerek s\u00fcrekli kendini geli\u015ftirmektedir. Bizim i\u00e7in yaln\u0131zca tedavi de\u011fil, hastalar\u0131m\u0131za g\u00fcven veren sa\u011fl\u0131kl\u0131 ve estetik g\u00fcl\u00fc\u015fler kazand\u0131rmak da \u00f6nemlidir. Misyonumuz Biz, [&hellip;]","og_url":"https:\/\/dentsunrise.com\/ru\/kurumsal\/","og_site_name":"Sunrise Dental Clinic","article_publisher":"https:\/\/www.facebook.com\/dentsunrise","article_modified_time":"2025-10-06T11:40:38+00:00","og_image":[{"width":1912,"height":895,"url":"https:\/\/dentsunrise.com\/wp-content\/uploads\/2025\/10\/site-gorseli.png","type":"image\/png"}],"twitter_card":"summary_large_image","twitter_misc":{"\u041f\u0440\u0438\u043c\u0435\u0440\u043d\u043e\u0435 \u0432\u0440\u0435\u043c\u044f \u0434\u043b\u044f \u0447\u0442\u0435\u043d\u0438\u044f":"1 \u043c\u0438\u043d\u0443\u0442\u0430"},"schema":{"@context":"https:\/\/schema.org","@graph":[{"@type":"WebPage","@id":"https:\/\/dentsunrise.com\/kurumsal\/","url":"https:\/\/dentsunrise.com\/kurumsal\/","name":"Kurumsal - Sunrise Dental Clinic","isPartOf":{"@id":"https:\/\/dentsunrise.com\/#website"},"datePublished":"2025-08-29T15:02:13+00:00","dateModified":"2025-10-06T11:40:38+00:00","breadcrumb":{"@id":"https:\/\/dentsunrise.com\/kurumsal\/#breadcrumb"},"inLanguage":"ru-RU","potentialAction":[{"@type":"ReadAction","target":["https:\/\/dentsunrise.com\/kurumsal\/"]}]},{"@type":"BreadcrumbList","@id":"https:\/\/dentsunrise.com\/kurumsal\/#breadcrumb","itemListElement":[{"@type":"ListItem","position":1,"name":"Anasayfa","item":"https:\/\/dentsunrise.com\/"},{"@type":"ListItem","position":2,"name":"Kurumsal"}]},{"@type":"WebSite","@id":"https:\/\/dentsunrise.com\/#website","url":"https:\/\/dentsunrise.com\/","name":"Sunrise Dental Clinic","description":"Her G\u00fcl\u00fc\u015f Sa\u011fl\u0131kla Ba\u015flar","publisher":{"@id":"https:\/\/dentsunrise.com\/#organization"},"potentialAction":[{"@type":"SearchAction","target":{"@type":"EntryPoint","urlTemplate":"https:\/\/dentsunrise.com\/?s={search_term_string}"},"query-input":{"@type":"PropertyValueSpecification","valueRequired":true,"valueName":"search_term_string"}}],"inLanguage":"ru-RU"},{"@type":"Organization","@id":"https:\/\/dentsunrise.com\/#organization","name":"Sunrise Dental Clinic","url":"https:\/\/dentsunrise.com\/","logo":{"@type":"ImageObject","inLanguage":"ru-RU","@id":"https:\/\/dentsunrise.com\/#\/schema\/logo\/image\/","url":"https:\/\/dentsunrise.com\/wp-content\/uploads\/2025\/08\/logo.svg","contentUrl":"https:\/\/dentsunrise.com\/wp-content\/uploads\/2025\/08\/logo.svg","width":213,"height":46,"caption":"Sunrise Dental Clinic"},"image":{"@id":"https:\/\/dentsunrise.com\/#\/schema\/logo\/image\/"},"sameAs":["https:\/\/www.facebook.com\/dentsunrise","https:\/\/www.instagram.com\/dentsunrise\/","https:\/\/www.youtube.com\/@dentsunrise"]}]}},"_links":{"self":[{"href":"https:\/\/dentsunrise.com\/ru\/wp-json\/wp\/v2\/pages\/224","targetHints":{"allow":["GET"]}}],"collection":[{"href":"https:\/\/dentsunrise.com\/ru\/wp-json\/wp\/v2\/pages"}],"about":[{"href":"https:\/\/dentsunrise.com\/ru\/wp-json\/wp\/v2\/types\/page"}],"author":[{"embeddable":true,"href":"https:\/\/dentsunrise.com\/ru\/wp-json\/wp\/v2\/users\/1"}],"replies":[{"embeddable":true,"href":"https:\/\/dentsunrise.com\/ru\/wp-json\/wp\/v2\/comments?post=224"}],"version-history":[{"count":28,"href":"https:\/\/dentsunrise.com\/ru\/wp-json\/wp\/v2\/pages\/224\/revisions"}],"predecessor-version":[{"id":775,"href":"https:\/\/dentsunrise.com\/ru\/wp-json\/wp\/v2\/pages\/224\/revisions\/775"}],"wp:attachment":[{"href":"https:\/\/dentsunrise.com\/ru\/wp-json\/wp\/v2\/media?parent=224"}],"curies":[{"name":"wp","href":"https:\/\/api.w.org\/{rel}","templated":true}]}}